{"id":607,"date":"2018-05-25T13:20:31","date_gmt":"2018-05-25T11:20:31","guid":{"rendered":"http:\/\/www.logowerk.de\/lw\/?page_id=607"},"modified":"2018-05-25T13:26:02","modified_gmt":"2018-05-25T11:26:02","slug":"datenschutz","status":"publish","type":"page","link":"http:\/\/www.logowerk.de\/lw\/kontakt\/datenschutz\/","title":{"rendered":"DATENSCHUTZ"},"content":{"rendered":"<p><strong>Datenschutzerkl\u00e4rung<\/p>\n<p><\/strong><\/p>\n<h2>Wer wir sind<\/h2>\n<p>LOGOWERK &#8211; Agentur f\u00fcr Kommunikation, Design, Werbung und Events<br \/>\nKastanienallee 45<br \/>\n10119 Berlin<\/p>\n<p>Gsch\u00e4ftsf\u00fchrende Inhaberin und verantwortliche f\u00fcr den Inhalt dieser Website:<br \/>\nELLEN DOSCH | B. A. Kommunikationsdesign FH<\/p>\n<p>Die Adresse unserer Website ist: http:\/\/www.logowerk.de<\/p>\n<h2>Welche personenbezogenen Daten wir sammeln und warum wir sie sammeln<\/h2>\n<h3>Kontaktformulare<\/h3>\n<p>Sie k\u00f6nnen auf dieser Website \u00fcber ein Kontaktformular mit uns in Verbindung treten. Die personenbezogenen Daten, die Sie damit \u00fcbermitteln, werden werden in unsere Kundenkartei \u00fcbertragen und f\u00fcr Servicezwecke gespeichert.<\/p>\n<h3>Eingebettete Inhalte von anderen Websites<\/h3>\n<p>Beitr\u00e4ge auf dieser Website k\u00f6nnen eingebettete Inhalte beinhalten (z.\u00a0B. Videos, Bilder, Beitr\u00e4ge etc.). Eingebettete Inhalte von anderen Websites verhalten sich exakt so, als ob der Besucher die andere Website besucht h\u00e4tte.<\/p>\n<p>Diese Websites k\u00f6nnen Daten \u00fcber sie sammeln, Cookies benutzen, zus\u00e4tzliche Tracking-Dienste von Dritten einbetten und ihre Interaktion mit diesem eingebetteten Inhalt aufzeichnen, inklusive ihrer Interaktion mit dem eingebetteten Inhalt, falls sie ein Konto haben und auf dieser Website angemeldet sind.<\/p>\n<h3>Analysedienste<\/h3>\n<p>Derzeit verwenden wir keine Analysedienste auf unserer Website.<\/p>\n<h3>Kommentare<\/h3>\n<p>Wenn Besucher Kommentare auf der Website schreiben, sammeln wir die Daten, die im Kommentar-Formular angezeigt werden, au\u00dferdem die IP-Adresse des Besuchers und den User-Agent-String (damit wird der Browser identifiziert), um die Erkennung von Spam zu unterst\u00fctzen.<\/p>\n<p>Aus ihrer E-Mail-Adresse kann eine anonymisierte Zeichenfolge erstellt (auch Hash genannt) und dem Gravatar-Dienst \u00fcbergeben werden, um zu pr\u00fcfen, ob sie diesen benutzen. Die Datenschutzerkl\u00e4rung des Gravatar-Dienstes finden sie hier: https:\/\/automattic.com\/privacy\/. Nachdem ihr Kommentar freigegeben wurde, ist ihr Profilbild \u00f6ffentlich im Kontext deines Kommentars sichtbar.<\/p>\n<h3>Medien<\/h3>\n<p>Wenn sie ein registrierter Benutzer sind und Fotos auf diese Website laden, sollten sie vermeiden, Fotos mit einem EXIF-GPS-Standort hochzuladen. Besucher dieser Website k\u00f6nnten Fotos, die auf dieser Website gespeichert sind, herunterladen und deren Standort-Informationen extrahieren.<\/p>\n<h3>Cookies<\/h3>\n<p>Wenn sie einen Kommentar auf unserer Website schreiben, kann das eine Einwilligung sein, ihren Namen, E-Mail-Adresse und Website in Cookies zu speichern. Dies ist eine Komfortfunktion, damit sie nicht, wenn sie einen weiteren Kommentar schreiben, all diese Daten erneut eingeben m\u00fcssen. Diese Cookies werden ein Jahr lang gespeichert.<\/p>\n<p>Falls sie ein Konto haben und sich auf dieser Website anmelden, werden wir ein tempor\u00e4res Cookie setzen, um festzustellen, ob ihr Browser Cookies akzeptiert. Dieses Cookie enth\u00e4lt keine personenbezogenen Daten und wird verworfen, wenn sie ihren Browser schlie\u00dfen.<\/p>\n<p>Wenn sie sich anmelden, werden wir einige Cookies einrichten, um deine Anmeldeinformationen und Anzeigeoptionen zu speichern. Anmelde-Cookies verfallen nach zwei Tagen und Cookies f\u00fcr die Anzeigeoptionen nach einem Jahr. Falls sie bei der Anmeldung \u201eAngemeldet bleiben\u201c ausw\u00e4hlen, wird ihre Anmeldung zwei Wochen lang aufrechterhalten. Mit der Abmeldung aus ihrem Konto werden die Anmelde-Cookies gel\u00f6scht.<\/p>\n<p>Wenn sie einen Artikel bearbeiten oder ver\u00f6ffentlichen, wird ein zus\u00e4tzlicher Cookie in ihrem Browser gespeichert. Dieser Cookie enth\u00e4lt keine personenbezogenen Daten und verweist nur auf die Beitrags-ID des Artikels, den sie gerade bearbeitet haben. Der Cookie verf\u00e4llt nach einem Tag.<\/p>\n<h2>Mit wem wir ihre Daten teilen<\/h2>\n<p>Je nach Projekt und Relevanz teilen wir ihre Daten mit Dritten. Das k\u00f6nnen unsere Partner sein, wie z. B. Druckereien oder sonstige Produktioner, Cloud-Dienste zur Speicherung w\u00e4hrend der Projektbearbeitung, wie z. B. Dropbox, Zahlungsdienstleister, wie z. B. Banken, Paypal oder Inkassounternehmen. Dabei werden jedoch nur die Daten weitergegeben, die unbedingt notwendig sind.<\/p>\n<h2>Wie lange wir ihre Daten speichern<\/h2>\n<p>Personenbezogene Daten werden bei uns unbegrenzt in der Kundendatei gespeichert, mindestens jedoch zehn Jahre, nachdem wir das letzte Projekt mit ihnen realisiert haben. In allen anderen F\u00e4llen k\u00f6nnen Sie jederzeit die L\u00f6schung ihrer Daten bei uns anfordern und erhalten auf Wunsch auch gerne einen Nachweis dar\u00fcber.<\/p>\n<p>Wenn sie einen Kommentar schreiben, wird dieser inklusive Metadaten zeitlich unbegrenzt gespeichert. Auf diese Art k\u00f6nnen wir Folgekommentare automatisch erkennen und freigeben, anstelle sie in einer Moderations-Warteschlange festzuhalten.<\/p>\n<p>F\u00fcr Benutzer, die sich auf unserer Website registrieren, speichern wir zus\u00e4tzlich die pers\u00f6nlichen Informationen, die sie in ihren Benutzerprofilen angeben. Alle Benutzer k\u00f6nnen jederzeit ihre pers\u00f6nlichen Informationen einsehen, ver\u00e4ndern oder l\u00f6schen (der Benutzername kann nicht ver\u00e4ndert werden). Administratoren der Website k\u00f6nnen diese Informationen ebenfalls einsehen und ver\u00e4ndern.<\/p>\n<h2>Welche Rechte sie an ihren Daten haben<\/h2>\n<p>Wenn sie ein Konto auf dieser Website besitzen oder Kommentare geschrieben haben, k\u00f6nnen sie einen Export ihrer personenbezogenen Daten bei uns anfordern, inklusive aller Daten, die sie uns mitgeteilt haben. Dar\u00fcber hinaus k\u00f6nnen sie die L\u00f6schung aller personenbezogenen Daten, die wir von ihnen gespeichert haben, anfordern. Dies umfasst nicht die Daten, die wir aufgrund administrativer, rechtlicher oder sicherheitsrelevanter Notwendigkeiten aufbewahren m\u00fcssen.<\/p>\n<h2>Wohin wir ihre Daten senden<\/h2>\n<p class=\"privacy-policy-tutorial\">Auf dieser Website haben Sie die M\u00f6glichkeit Inhalte direkt \u00fcber Sozialen Netzwerken wie Facebook &amp; Co. Personenbezogene Daten, die sie dabei an diese Dienste weitergeben oder weitergegeben haben, liegen au\u00dferhalb unseres Verantwortungsbereichs, sondern in dem des jeweiligen Anbieters. Daten die direkt auf oder \u00fcber unsere Website gesammelt werden, z. B. \u00fcber unser Webhosting Host Europe sind laut den europ\u00e4ischen Datenschutzbestimmungen gesch\u00fctzt.<\/p>\n<p>Sollten f\u00fcr ein Projekt Daten bei Anbietern au\u00dferhalb der EU hinterlegt werden, z. B. Cloud-Dienste o. \u00e4. werden diese vorher sorgf\u00e4ltig auf die Einhaltung der Standards gepr\u00fcft, insbesondere auch,\u00a0ob dies durch eine Vereinbarung wie das Privacy Shield, eigene Vertragsklauseln oder auch Unternehmensrichtlinien erreicht wird.<\/p>\n<p>Besucher-Kommentare k\u00f6nnten von einem automatisierten Dienst zur Spam-Erkennung untersucht werden.<\/p>\n<h2>Kontakt-Informationen<\/h2>\n<p>F\u00fcr alle datenschutzrelevanten Anliegen wenden Sie sich bitte direkt an uns: <a href=\"mailto:logo@logowerk.de\">logo@logowerk.de<\/a> oder 030 \/ 546 23 456<\/p>\n<h2>Weitere Informationen<\/h2>\n<h3>Wie wir ihre Daten sch\u00fctzen<\/h3>\n<p>Bei der \u00dcbermittlung von personenbezogenen Daten, z. B. \u00fcber das Kontaktformular auf dieser Website oder auch beim Versand von E-Mails kommen geeignete, technische Ma\u00dfnahmen wie Verschl\u00fcsselung, Sicherheitsma\u00dfnahmen wie Zwei-Faktor-Authentifizierung zum Einsatz.<\/p>\n<h3>Welche Ma\u00dfnahmen wir bei Datenschutzverletzungen anbieten<\/h3>\n<p>Bei Verletzungen des Datenschutzes ergreifen wir alle erforderlichen Ma\u00dfnahmen, um potentielle oder reale Datenlecks zu beseitigen, wie z. B. interne Reporting-Systeme.<\/p>\n<p>&nbsp;<\/p>\n<p>Sollten Sie Fragen zum Thema haben, stehen wir Ihnen gerne zur Verf\u00fcgung.<\/p>\n","protected":false},"excerpt":{"rendered":"<p>Datenschutzerkl\u00e4rung Wer wir sind LOGOWERK &#8211; Agentur f\u00fcr Kommunikation, Design, Werbung und Events Kastanienallee 45 10119 Berlin Gsch\u00e4ftsf\u00fchrende Inhaberin und verantwortliche f\u00fcr den Inhalt dieser Website: ELLEN DOSCH | B. A. Kommunikationsdesign FH Die Adresse unserer Website ist: http:\/\/www.logowerk.de Welche personenbezogenen Daten wir sammeln und warum wir sie sammeln Kontaktformulare Sie k\u00f6nnen auf dieser Website [&hellip;]<\/p>\n","protected":false},"author":1,"featured_media":0,"parent":20,"menu_order":0,"comment_status":"closed","ping_status":"closed","template":"","meta":[],"yoast_head":"<!-- This site is optimized with the Yoast SEO plugin v20.0 - https:\/\/yoast.com\/wordpress\/plugins\/seo\/ -->\n<title>DATENSCHUTZ - LOGOWERK<\/title>\n<meta name=\"robots\" content=\"index, follow, max-snippet:-1, max-image-preview:large, max-video-preview:-1\" \/>\n<link rel=\"canonical\" href=\"https:\/\/www.logowerk.de\/lw\/kontakt\/datenschutz\/\" \/>\n<meta property=\"og:locale\" content=\"de_DE\" \/>\n<meta property=\"og:type\" content=\"article\" \/>\n<meta property=\"og:title\" content=\"DATENSCHUTZ - LOGOWERK\" \/>\n<meta property=\"og:description\" content=\"Datenschutzerkl\u00e4rung Wer wir sind LOGOWERK &#8211; Agentur f\u00fcr Kommunikation, Design, Werbung und Events Kastanienallee 45 10119 Berlin Gsch\u00e4ftsf\u00fchrende Inhaberin und verantwortliche f\u00fcr den Inhalt dieser Website: ELLEN DOSCH | B. A. Kommunikationsdesign FH Die Adresse unserer Website ist: http:\/\/www.logowerk.de Welche personenbezogenen Daten wir sammeln und warum wir sie sammeln Kontaktformulare Sie k\u00f6nnen auf dieser Website [&hellip;]\" \/>\n<meta property=\"og:url\" content=\"https:\/\/www.logowerk.de\/lw\/kontakt\/datenschutz\/\" \/>\n<meta property=\"og:site_name\" content=\"LOGOWERK\" \/>\n<meta property=\"article:modified_time\" content=\"2018-05-25T11:26:02+00:00\" \/>\n<meta name=\"twitter:card\" content=\"summary_large_image\" \/>\n<meta name=\"twitter:site\" content=\"@LOGOWERK\" \/>\n<meta name=\"twitter:label1\" content=\"Gesch\u00e4tzte Lesezeit\" \/>\n\t<meta name=\"twitter:data1\" content=\"5\u00a0Minuten\" \/>\n<script type=\"application\/ld+json\" class=\"yoast-schema-graph\">{\"@context\":\"https:\/\/schema.org\",\"@graph\":[{\"@type\":\"WebPage\",\"@id\":\"https:\/\/www.logowerk.de\/lw\/kontakt\/datenschutz\/\",\"url\":\"https:\/\/www.logowerk.de\/lw\/kontakt\/datenschutz\/\",\"name\":\"DATENSCHUTZ - LOGOWERK\",\"isPartOf\":{\"@id\":\"https:\/\/www.logowerk.de\/lw\/#website\"},\"datePublished\":\"2018-05-25T11:20:31+00:00\",\"dateModified\":\"2018-05-25T11:26:02+00:00\",\"breadcrumb\":{\"@id\":\"https:\/\/www.logowerk.de\/lw\/kontakt\/datenschutz\/#breadcrumb\"},\"inLanguage\":\"de\",\"potentialAction\":[{\"@type\":\"ReadAction\",\"target\":[\"https:\/\/www.logowerk.de\/lw\/kontakt\/datenschutz\/\"]}]},{\"@type\":\"BreadcrumbList\",\"@id\":\"https:\/\/www.logowerk.de\/lw\/kontakt\/datenschutz\/#breadcrumb\",\"itemListElement\":[{\"@type\":\"ListItem\",\"position\":1,\"name\":\"Startseite\",\"item\":\"https:\/\/www.logowerk.de\/lw\/\"},{\"@type\":\"ListItem\",\"position\":2,\"name\":\"KONTAKT\",\"item\":\"https:\/\/www.logowerk.de\/lw\/kontakt\/\"},{\"@type\":\"ListItem\",\"position\":3,\"name\":\"DATENSCHUTZ\"}]},{\"@type\":\"WebSite\",\"@id\":\"https:\/\/www.logowerk.de\/lw\/#website\",\"url\":\"https:\/\/www.logowerk.de\/lw\/\",\"name\":\"LOGOWERK\",\"description\":\"Agentur f\u00fcr Kommunikation, Werbung &amp; Events\",\"potentialAction\":[{\"@type\":\"SearchAction\",\"target\":{\"@type\":\"EntryPoint\",\"urlTemplate\":\"https:\/\/www.logowerk.de\/lw\/?s={search_term_string}\"},\"query-input\":\"required name=search_term_string\"}],\"inLanguage\":\"de\"}]}<\/script>\n<!-- \/ Yoast SEO plugin. -->","yoast_head_json":{"title":"DATENSCHUTZ - LOGOWERK","robots":{"index":"index","follow":"follow","max-snippet":"max-snippet:-1","max-image-preview":"max-image-preview:large","max-video-preview":"max-video-preview:-1"},"canonical":"https:\/\/www.logowerk.de\/lw\/kontakt\/datenschutz\/","og_locale":"de_DE","og_type":"article","og_title":"DATENSCHUTZ - LOGOWERK","og_description":"Datenschutzerkl\u00e4rung Wer wir sind LOGOWERK &#8211; Agentur f\u00fcr Kommunikation, Design, Werbung und Events Kastanienallee 45 10119 Berlin Gsch\u00e4ftsf\u00fchrende Inhaberin und verantwortliche f\u00fcr den Inhalt dieser Website: ELLEN DOSCH | B. A. Kommunikationsdesign FH Die Adresse unserer Website ist: http:\/\/www.logowerk.de Welche personenbezogenen Daten wir sammeln und warum wir sie sammeln Kontaktformulare Sie k\u00f6nnen auf dieser Website [&hellip;]","og_url":"https:\/\/www.logowerk.de\/lw\/kontakt\/datenschutz\/","og_site_name":"LOGOWERK","article_modified_time":"2018-05-25T11:26:02+00:00","twitter_card":"summary_large_image","twitter_site":"@LOGOWERK","twitter_misc":{"Gesch\u00e4tzte Lesezeit":"5\u00a0Minuten"},"schema":{"@context":"https:\/\/schema.org","@graph":[{"@type":"WebPage","@id":"https:\/\/www.logowerk.de\/lw\/kontakt\/datenschutz\/","url":"https:\/\/www.logowerk.de\/lw\/kontakt\/datenschutz\/","name":"DATENSCHUTZ - LOGOWERK","isPartOf":{"@id":"https:\/\/www.logowerk.de\/lw\/#website"},"datePublished":"2018-05-25T11:20:31+00:00","dateModified":"2018-05-25T11:26:02+00:00","breadcrumb":{"@id":"https:\/\/www.logowerk.de\/lw\/kontakt\/datenschutz\/#breadcrumb"},"inLanguage":"de","potentialAction":[{"@type":"ReadAction","target":["https:\/\/www.logowerk.de\/lw\/kontakt\/datenschutz\/"]}]},{"@type":"BreadcrumbList","@id":"https:\/\/www.logowerk.de\/lw\/kontakt\/datenschutz\/#breadcrumb","itemListElement":[{"@type":"ListItem","position":1,"name":"Startseite","item":"https:\/\/www.logowerk.de\/lw\/"},{"@type":"ListItem","position":2,"name":"KONTAKT","item":"https:\/\/www.logowerk.de\/lw\/kontakt\/"},{"@type":"ListItem","position":3,"name":"DATENSCHUTZ"}]},{"@type":"WebSite","@id":"https:\/\/www.logowerk.de\/lw\/#website","url":"https:\/\/www.logowerk.de\/lw\/","name":"LOGOWERK","description":"Agentur f\u00fcr Kommunikation, Werbung &amp; Events","potentialAction":[{"@type":"SearchAction","target":{"@type":"EntryPoint","urlTemplate":"https:\/\/www.logowerk.de\/lw\/?s={search_term_string}"},"query-input":"required name=search_term_string"}],"inLanguage":"de"}]}},"_links":{"self":[{"href":"http:\/\/www.logowerk.de\/lw\/wp-json\/wp\/v2\/pages\/607"}],"collection":[{"href":"http:\/\/www.logowerk.de\/lw\/wp-json\/wp\/v2\/pages"}],"about":[{"href":"http:\/\/www.logowerk.de\/lw\/wp-json\/wp\/v2\/types\/page"}],"author":[{"embeddable":true,"href":"http:\/\/www.logowerk.de\/lw\/wp-json\/wp\/v2\/users\/1"}],"replies":[{"embeddable":true,"href":"http:\/\/www.logowerk.de\/lw\/wp-json\/wp\/v2\/comments?post=607"}],"version-history":[{"count":2,"href":"http:\/\/www.logowerk.de\/lw\/wp-json\/wp\/v2\/pages\/607\/revisions"}],"predecessor-version":[{"id":611,"href":"http:\/\/www.logowerk.de\/lw\/wp-json\/wp\/v2\/pages\/607\/revisions\/611"}],"up":[{"embeddable":true,"href":"http:\/\/www.logowerk.de\/lw\/wp-json\/wp\/v2\/pages\/20"}],"wp:attachment":[{"href":"http:\/\/www.logowerk.de\/lw\/wp-json\/wp\/v2\/media?parent=607"}],"curies":[{"name":"wp","href":"https:\/\/api.w.org\/{rel}","templated":true}]}}